{"id":1871,"date":"2024-05-03T10:35:18","date_gmt":"2024-05-03T09:35:18","guid":{"rendered":"https:\/\/prepast.org\/?page_id=1871"},"modified":"2026-01-13T12:25:28","modified_gmt":"2026-01-13T11:25:28","slug":"diagnosi-de-la-situacio-ramadera-al-montsec","status":"publish","type":"page","link":"https:\/\/prepast.org\/es\/actuacions\/diagnosi-de-la-situacio-ramadera-al-montsec\/","title":{"rendered":"Diagn\u00f3stico de la situaci\u00f3n ganadera en el Montsec"},"content":{"rendered":"<div data-aos= \"fade-down\" data-aos-duration=\"400\" data-aos-delay=\"0\" data-aos-easing=\"ease\" data-aos-once=\"true\" class=\"wp-block-uagb-container uagb-block-c61ca359 alignfull uagb-is-root-container\"><div class=\"uagb-container-inner-blocks-wrap\">\n<div class=\"wp-block-uagb-info-box uagb-block-83dfa9ba uagb-infobox__content-wrap  uagb-infobox-icon-above-title uagb-infobox-image-valign-top\"><div class=\"uagb-ifb-content\"><div class=\"uagb-ifb-title-wrap\"><h1 class=\"uagb-ifb-title\">Diagn\u00f3stico de la ganader\u00eda actual e hist\u00f3rica en el Montsec y en el Boumort<\/h1><\/div><p class=\"uagb-ifb-desc\">Analizamos el estado de la ganader\u00eda extensiva a mediados del siglo XX y su estado actual<\/p><\/div><\/div>\n<\/div><\/div>\n\n\n\n<div class=\"wp-block-uagb-container uagb-block-919133c1 alignfull uagb-is-root-container\">\n<div class=\"wp-block-uagb-container uagb-block-ae7d022c default uagb-is-root-container\">\n<p>Se ha llevado a cabo una recopilaci\u00f3n y an\u00e1lisis de informaci\u00f3n hist\u00f3rica y actual sobre la ganader\u00eda extensiva en las sierras del Montsec y Boumort. Se han realizado entrevistas a ayuntamientos, profesionales de la ganader\u00eda y otros actores locales para identificar las zonas antiguas de pasto, el tipo de ganado, las pr\u00e1cticas desaparecidas y las infraestructuras tradicionales asociadas. Esta informaci\u00f3n se ha integrado en un sistema de informaci\u00f3n geogr\u00e1fica (SIG), creando una base de datos georeferenciada. El objetivo es entender c\u00f3mo ha evolucionado el paisaje y el manejo pastoral, para orientar la recuperaci\u00f3n de espacios abiertos y la gesti\u00f3n sostenible del territorio. <\/p>\n\n\n\n<div class=\"wp-block-uagb-advanced-heading uagb-block-4b4adb45\"><h2 class=\"uagb-heading-text\">Infraestructuras detectadas<\/h2><\/div>\n\n\n\n<iframe loading=\"lazy\" src=\"https:\/\/prepast.org\/Visor\/Infraestructures\/index.html\" width=\"100%\" height=\"600\" style=\"border:none;\"><\/iframe>\n\n\n\n<p style=\"text-align:right;\">\n  <a href=\"https:\/\/prepast.org\/Visor\/Infraestructures\/index.html\" target=\"_blank\" style=\"font-size: 16px;\">\ud83d\udd0e Abre el mapa en pantalla completa<\/a>\n<\/p>\n\n\n\n<div style=\"height:100px\" aria-hidden=\"true\" class=\"wp-block-spacer\"><\/div>\n\n\n\n<div class=\"wp-block-uagb-image uagb-block-5d0d256a wp-block-uagb-image--layout-default wp-block-uagb-image--effect-static wp-block-uagb-image--align-none\"><figure class=\"wp-block-uagb-image__figure\"><img decoding=\"async\" srcset=\"https:\/\/prepast.org\/wp-content\/uploads\/2025\/10\/infraestrucutres-1024x632.png ,https:\/\/prepast.org\/wp-content\/uploads\/2025\/10\/infraestrucutres.png 780w, https:\/\/prepast.org\/wp-content\/uploads\/2025\/10\/infraestrucutres.png 360w\" sizes=\"auto, (max-width: 480px) 150px\" src=\"https:\/\/prepast.org\/wp-content\/uploads\/2025\/10\/infraestrucutres-1024x632.png\" alt=\"\" class=\"uag-image-2923\" width=\"1024\" height=\"632\" title=\"infraestrucutres\" loading=\"lazy\" role=\"img\"\/><\/figure><\/div>\n\n\n\n<div class=\"wp-block-uagb-advanced-heading uagb-block-261d3eb5\"><h2 class=\"uagb-heading-text\">Evoluci\u00f3n de las cubiertas del suelo<\/h2><\/div>\n\n\n\n<div class=\"wp-block-uagb-image uagb-block-dce77a71 wp-block-uagb-image--layout-default wp-block-uagb-image--effect-static wp-block-uagb-image--align-none\"><figure class=\"wp-block-uagb-image__figure\"><img decoding=\"async\" srcset=\"https:\/\/prepast.org\/wp-content\/uploads\/2025\/10\/cobertes-1024x490.png ,https:\/\/prepast.org\/wp-content\/uploads\/2025\/10\/cobertes.png 780w, https:\/\/prepast.org\/wp-content\/uploads\/2025\/10\/cobertes.png 360w\" sizes=\"auto, (max-width: 480px) 150px\" src=\"https:\/\/prepast.org\/wp-content\/uploads\/2025\/10\/cobertes-1024x490.png\" alt=\"\" class=\"uag-image-2928\" width=\"1024\" height=\"490\" title=\"cobertes\" loading=\"lazy\" role=\"img\"\/><\/figure><\/div>\n\n\n\n<div style=\"height:100px\" aria-hidden=\"true\" class=\"wp-block-spacer\"><\/div>\n\n\n\n<div class=\"wp-block-uagb-image uagb-block-4b3752db wp-block-uagb-image--layout-default wp-block-uagb-image--effect-static wp-block-uagb-image--align-none\"><figure class=\"wp-block-uagb-image__figure\"><img decoding=\"async\" srcset=\"https:\/\/prepast.org\/wp-content\/uploads\/2025\/10\/augment-bosc-1024x494.png ,https:\/\/prepast.org\/wp-content\/uploads\/2025\/10\/augment-bosc.png 780w, https:\/\/prepast.org\/wp-content\/uploads\/2025\/10\/augment-bosc.png 360w\" sizes=\"auto, (max-width: 480px) 150px\" src=\"https:\/\/prepast.org\/wp-content\/uploads\/2025\/10\/augment-bosc-1024x494.png\" alt=\"\" class=\"uag-image-2927\" width=\"1024\" height=\"494\" title=\"augment bosc\" loading=\"lazy\" role=\"img\"\/><\/figure><\/div>\n\n\n\n<div style=\"height:100px\" aria-hidden=\"true\" class=\"wp-block-spacer\"><\/div>\n\n\n\n<div class=\"wp-block-uagb-image uagb-block-eee8bcab wp-block-uagb-image--layout-default wp-block-uagb-image--effect-static wp-block-uagb-image--align-none\"><figure class=\"wp-block-uagb-image__figure\"><img decoding=\"async\" srcset=\"https:\/\/prepast.org\/wp-content\/uploads\/2025\/10\/augment-bosc-taula-1024x264.png ,https:\/\/prepast.org\/wp-content\/uploads\/2025\/10\/augment-bosc-taula.png 780w, https:\/\/prepast.org\/wp-content\/uploads\/2025\/10\/augment-bosc-taula.png 360w\" sizes=\"auto, (max-width: 480px) 150px\" src=\"https:\/\/prepast.org\/wp-content\/uploads\/2025\/10\/augment-bosc-taula-1024x264.png\" alt=\"\" class=\"uag-image-2926\" width=\"1024\" height=\"264\" title=\"augment bosc taula\" loading=\"lazy\" role=\"img\"\/><\/figure><\/div>\n\n\n\n<div class=\"wp-block-uagb-advanced-heading uagb-block-f0024e85\"><h2 class=\"uagb-heading-text\">Ramaderia hist\u00f2rica<\/h2><\/div>\n\n\n\n<div class=\"wp-block-uagb-image uagb-block-7e30965a wp-block-uagb-image--layout-default wp-block-uagb-image--effect-static wp-block-uagb-image--align-none\"><figure class=\"wp-block-uagb-image__figure\"><img decoding=\"async\" srcset=\"https:\/\/prepast.org\/wp-content\/uploads\/2025\/10\/ramaderia-historica-1024x596.png ,https:\/\/prepast.org\/wp-content\/uploads\/2025\/10\/ramaderia-historica.png 780w, https:\/\/prepast.org\/wp-content\/uploads\/2025\/10\/ramaderia-historica.png 360w\" sizes=\"auto, (max-width: 480px) 150px\" src=\"https:\/\/prepast.org\/wp-content\/uploads\/2025\/10\/ramaderia-historica-1024x596.png\" alt=\"\" class=\"uag-image-2925\" width=\"1024\" height=\"596\" title=\"ramaderia hist\u00f2rica\" loading=\"lazy\" role=\"img\"\/><\/figure><\/div>\n\n\n\n<div style=\"height:46px\" aria-hidden=\"true\" class=\"wp-block-spacer\"><\/div>\n\n\n\n<div class=\"wp-block-uagb-advanced-heading uagb-block-3fdd8106\"><h3 class=\"uagb-heading-text\">Evoluci\u00f3n de la ganader\u00eda extensiva desde mediados de siglo XX hasta la actualidad<br>del segle XX fins a l&#8217;actualitat<\/h3><\/div>\n\n\n\n<div class=\"wp-block-uagb-image uagb-block-ab146aab wp-block-uagb-image--layout-default wp-block-uagb-image--effect-static wp-block-uagb-image--align-none\"><figure class=\"wp-block-uagb-image__figure\"><img decoding=\"async\" srcset=\"https:\/\/prepast.org\/wp-content\/uploads\/2025\/10\/evolucio-ramad-historica-1024x340.png ,https:\/\/prepast.org\/wp-content\/uploads\/2025\/10\/evolucio-ramad-historica.png 780w, https:\/\/prepast.org\/wp-content\/uploads\/2025\/10\/evolucio-ramad-historica.png 360w\" sizes=\"auto, (max-width: 480px) 150px\" src=\"https:\/\/prepast.org\/wp-content\/uploads\/2025\/10\/evolucio-ramad-historica-1024x340.png\" alt=\"\" class=\"uag-image-2924\" width=\"1024\" height=\"340\" title=\"evolucio ramad hist\u00f2rica\" loading=\"lazy\" role=\"img\"\/><\/figure><\/div>\n<\/div>\n<\/div>\n\n\n\n<div class=\"wp-block-uagb-container uagb-block-7b657ff6 default uagb-is-root-container\">\n<div class=\"wp-block-uagb-advanced-heading uagb-block-229afd06\"><h2 class=\"uagb-heading-text\">Informes<\/h2><\/div>\n\n\n\n<div class=\"wp-block-uagb-call-to-action uagb-block-29140a5b wp-block-button\"><div class=\"uagb-cta__wrap\"><h3 class=\"uagb-cta__title\">Ganader\u00eda extensiva a mediadios del siglo XX<\/h3><\/div><div class=\"uagb-cta__buttons\"><a href=\"https:\/\/drive.google.com\/file\/d\/1uXr4RCkIBt57br9SCj42_Wq5TF5mplYV\/view?usp=drive_link\" class=\"uagb-cta__button-link-wrapper wp-block-button__link\" target=\"_blank\" rel=\"noopener noreferrer\">Ver y\/o descargar<svg xmlns=\"https:\/\/www.w3.org\/2000\/svg\" viewbox=\"0 0 576 512\"><path d=\"M144.3 32.04C106.9 31.29 63.7 41.44 18.6 61.29c-11.42 5.026-18.6 16.67-18.6 29.15l0 357.6c0 11.55 11.99 19.55 22.45 14.65c126.3-59.14 219.8 11 223.8 14.01C249.1 478.9 252.5 480 256 480c12.4 0 16-11.38 16-15.98V80.04c0-5.203-2.531-10.08-6.781-13.08C263.3 65.58 216.7 33.35 144.3 32.04zM557.4 61.29c-45.11-19.79-88.48-29.61-125.7-29.26c-72.44 1.312-118.1 33.55-120.9 34.92C306.5 69.96 304 74.83 304 80.04v383.1C304 468.4 307.5 480 320 480c3.484 0 6.938-1.125 9.781-3.328c3.925-3.018 97.44-73.16 223.8-14c10.46 4.896 22.45-3.105 22.45-14.65l.0001-357.6C575.1 77.97 568.8 66.31 557.4 61.29z\"><\/path><\/svg><\/a><\/div><\/div>\n\n\n\n<div class=\"wp-block-uagb-call-to-action uagb-block-12dfa527 wp-block-button\"><div class=\"uagb-cta__wrap\"><h3 class=\"uagb-cta__title\">Ganader\u00eda extensiva actual<\/h3><\/div><div class=\"uagb-cta__buttons\"><a href=\"https:\/\/drive.google.com\/file\/d\/1yEHWOQeNdlsxcMmkbpfC_DL72JYZxheu\/view?usp=drive_link\" class=\"uagb-cta__button-link-wrapper wp-block-button__link\" target=\"_blank\" rel=\"noopener noreferrer\">Ver y\/o descargar<svg xmlns=\"https:\/\/www.w3.org\/2000\/svg\" viewbox=\"0 0 576 512\"><path d=\"M144.3 32.04C106.9 31.29 63.7 41.44 18.6 61.29c-11.42 5.026-18.6 16.67-18.6 29.15l0 357.6c0 11.55 11.99 19.55 22.45 14.65c126.3-59.14 219.8 11 223.8 14.01C249.1 478.9 252.5 480 256 480c12.4 0 16-11.38 16-15.98V80.04c0-5.203-2.531-10.08-6.781-13.08C263.3 65.58 216.7 33.35 144.3 32.04zM557.4 61.29c-45.11-19.79-88.48-29.61-125.7-29.26c-72.44 1.312-118.1 33.55-120.9 34.92C306.5 69.96 304 74.83 304 80.04v383.1C304 468.4 307.5 480 320 480c3.484 0 6.938-1.125 9.781-3.328c3.925-3.018 97.44-73.16 223.8-14c10.46 4.896 22.45-3.105 22.45-14.65l.0001-357.6C575.1 77.97 568.8 66.31 557.4 61.29z\"><\/path><\/svg><\/a><\/div><\/div>\n\n\n\n<div style=\"height:100px\" aria-hidden=\"true\" class=\"wp-block-spacer\"><\/div>\n<\/div>\n\n\n\n<div class=\"wp-block-uagb-container uag-hide-desktop uag-hide-tab uag-hide-mob uagb-block-70ec5659 alignfull uagb-is-root-container\">\n<div class=\"wp-block-uagb-container uagb-block-375add93\">\n<figure class=\"wp-block-table is-style-stripes\"><table class=\"has-ast-global-color-5-background-color has-background\"><thead><tr><th class=\"has-text-align-left\" data-align=\"left\"><\/th><th class=\"has-text-align-left\" data-align=\"left\">1950<\/th><th class=\"has-text-align-left\" data-align=\"left\">2025<\/th><\/tr><\/thead><tbody><tr><td class=\"has-text-align-left\" data-align=\"left\"><strong>Ramats<\/strong><\/td><td class=\"has-text-align-left\" data-align=\"left\">234<\/td><td class=\"has-text-align-left\" data-align=\"left\">24<\/td><\/tr><tr><td class=\"has-text-align-left\" data-align=\"left\"><strong>Caps en total<\/strong><\/td><td class=\"has-text-align-left\" data-align=\"left\">37.800<\/td><td class=\"has-text-align-left\" data-align=\"left\">14.510<\/td><\/tr><tr><td class=\"has-text-align-left\" data-align=\"left\"><strong>Caps per ramat<\/strong> <strong>de mitjana<\/strong><\/td><td class=\"has-text-align-left\" data-align=\"left\">155-165<\/td><td class=\"has-text-align-left\" data-align=\"left\">700-780<\/td><\/tr><tr><td class=\"has-text-align-left\" data-align=\"left\"><strong>Corrals<\/strong><\/td><td class=\"has-text-align-left\" data-align=\"left\">10<\/td><td class=\"has-text-align-left\" data-align=\"left\">10<\/td><\/tr><tr><td class=\"has-text-align-left\" data-align=\"left\"><strong>Pastors\/es<\/strong><\/td><td class=\"has-text-align-left\" data-align=\"left\">10<\/td><td class=\"has-text-align-left\" data-align=\"left\">10<\/td><\/tr><\/tbody><\/table><\/figure>\n<\/div>\n<\/div>","protected":false},"excerpt":{"rendered":"<p>S&#8217;ha portat a terme una recopilaci\u00f3 i an\u00e0lisi d\u2019informaci\u00f3 hist\u00f2rica i actual sobre la ramaderia extensiva a les serres del Montsec i Boumort. S\u2019han realitzat entrevistes a ajuntaments, professionals de la ramaderia i altres actors locals per identificar les zones antigues de pastura, el tipus de bestiar, les pr\u00e0ctiques desaparegudes i les infraestructures tradicionals associades. [&hellip;]<\/p>","protected":false},"author":8,"featured_media":0,"parent":41,"menu_order":1,"comment_status":"closed","ping_status":"closed","template":"","meta":{"_uag_custom_page_level_css":"","site-sidebar-layout":"default","site-content-layout":"page-builder","ast-site-content-layout":"full-width-container","site-content-style":"unboxed","site-sidebar-style":"unboxed","ast-global-header-display":"","ast-banner-title-visibility":"","ast-main-header-display":"","ast-hfb-above-header-display":"","ast-hfb-below-header-display":"","ast-hfb-mobile-header-display":"","site-post-title":"disabled","ast-breadcrumbs-content":"","ast-featured-img":"","footer-sml-layout":"","ast-disable-related-posts":"","theme-transparent-header-meta":"enabled","adv-header-id-meta":"","stick-header-meta":"","header-above-stick-meta":"","header-main-stick-meta":"","header-below-stick-meta":"","astra-migrate-meta-layouts":"set","ast-page-background-enabled":"default","ast-page-background-meta":{"desktop":{"background-color":"var(--ast-global-color-4)","background-image":"","background-repeat":"repeat","background-position":"center center","background-size":"auto","background-attachment":"scroll","background-type":"","background-media":"","overlay-type":"","overlay-color":"","overlay-opacity":"","overlay-gradient":""},"tablet":{"background-color":"","background-image":"","background-repeat":"repeat","background-position":"center center","background-size":"auto","background-attachment":"scroll","background-type":"","background-media":"","overlay-type":"","overlay-color":"","overlay-opacity":"","overlay-gradient":""},"mobile":{"background-color":"","background-image":"","background-repeat":"repeat","background-position":"center center","background-size":"auto","background-attachment":"scroll","background-type":"","background-media":"","overlay-type":"","overlay-color":"","overlay-opacity":"","overlay-gradient":""}},"ast-content-background-meta":{"desktop":{"background-color":"var(--ast-global-color-5)","background-image":"","background-repeat":"repeat","background-position":"center center","background-size":"auto","background-attachment":"scroll","background-type":"","background-media":"","overlay-type":"","overlay-color":"","overlay-opacity":"","overlay-gradient":""},"tablet":{"background-color":"var(--ast-global-color-5)","background-image":"","background-repeat":"repeat","background-position":"center center","background-size":"auto","background-attachment":"scroll","background-type":"","background-media":"","overlay-type":"","overlay-color":"","overlay-opacity":"","overlay-gradient":""},"mobile":{"background-color":"var(--ast-global-color-5)","background-image":"","background-repeat":"repeat","background-position":"center center","background-size":"auto","background-attachment":"scroll","background-type":"","background-media":"","overlay-type":"","overlay-color":"","overlay-opacity":"","overlay-gradient":""}},"footnotes":""},"class_list":["post-1871","page","type-page","status-publish","hentry"],"yoast_head":"<!-- This site is optimized with the Yoast SEO plugin v22.6 - https:\/\/yoast.com\/wordpress\/plugins\/seo\/ -->\n<title>Diagnosi de la situaci\u00f3 ramadera al Montsec - PREPAST<\/title>\n<meta name=\"robots\" content=\"index, follow, max-snippet:-1, max-image-preview:large, max-video-preview:-1\" \/>\n<link rel=\"canonical\" href=\"https:\/\/prepast.org\/es\/actuacions\/diagnosi-de-la-situacio-ramadera-al-montsec\/\" \/>\n<meta property=\"og:locale\" content=\"es_ES\" \/>\n<meta property=\"og:type\" content=\"article\" \/>\n<meta property=\"og:title\" content=\"Diagnosi de la situaci\u00f3 ramadera al Montsec - PREPAST\" \/>\n<meta property=\"og:description\" content=\"S&#8217;ha portat a terme una recopilaci\u00f3 i an\u00e0lisi d\u2019informaci\u00f3 hist\u00f2rica i actual sobre la ramaderia extensiva a les serres del Montsec i Boumort. S\u2019han realitzat entrevistes a ajuntaments, professionals de la ramaderia i altres actors locals per identificar les zones antigues de pastura, el tipus de bestiar, les pr\u00e0ctiques desaparegudes i les infraestructures tradicionals associades. [&hellip;]\" \/>\n<meta property=\"og:url\" content=\"https:\/\/prepast.org\/es\/actuacions\/diagnosi-de-la-situacio-ramadera-al-montsec\/\" \/>\n<meta property=\"og:site_name\" content=\"PREPAST\" \/>\n<meta property=\"article:modified_time\" content=\"2026-01-13T11:25:28+00:00\" \/>\n<meta property=\"og:image\" content=\"https:\/\/prepast.org\/wp-content\/uploads\/2025\/10\/infraestrucutres-1024x632.png\" \/>\n<meta name=\"twitter:card\" content=\"summary_large_image\" \/>\n<meta name=\"twitter:site\" content=\"@projecteprepast\" \/>\n<meta name=\"twitter:label1\" content=\"Tiempo de lectura\" \/>\n\t<meta name=\"twitter:data1\" content=\"3 minutos\" \/>\n<script type=\"application\/ld+json\" class=\"yoast-schema-graph\">{\"@context\":\"https:\/\/schema.org\",\"@graph\":[{\"@type\":\"WebPage\",\"@id\":\"https:\/\/prepast.org\/actuacions\/diagnosi-de-la-situacio-ramadera-al-montsec\/\",\"url\":\"https:\/\/prepast.org\/actuacions\/diagnosi-de-la-situacio-ramadera-al-montsec\/\",\"name\":\"Diagnosi de la situaci\u00f3 ramadera al Montsec - PREPAST\",\"isPartOf\":{\"@id\":\"https:\/\/prepast.org\/#website\"},\"primaryImageOfPage\":{\"@id\":\"https:\/\/prepast.org\/actuacions\/diagnosi-de-la-situacio-ramadera-al-montsec\/#primaryimage\"},\"image\":{\"@id\":\"https:\/\/prepast.org\/actuacions\/diagnosi-de-la-situacio-ramadera-al-montsec\/#primaryimage\"},\"thumbnailUrl\":\"https:\/\/prepast.org\/wp-content\/uploads\/2025\/10\/infraestrucutres-1024x632.png\",\"datePublished\":\"2024-05-03T09:35:18+00:00\",\"dateModified\":\"2026-01-13T11:25:28+00:00\",\"breadcrumb\":{\"@id\":\"https:\/\/prepast.org\/actuacions\/diagnosi-de-la-situacio-ramadera-al-montsec\/#breadcrumb\"},\"inLanguage\":\"es\",\"potentialAction\":[{\"@type\":\"ReadAction\",\"target\":[\"https:\/\/prepast.org\/actuacions\/diagnosi-de-la-situacio-ramadera-al-montsec\/\"]}]},{\"@type\":\"ImageObject\",\"inLanguage\":\"es\",\"@id\":\"https:\/\/prepast.org\/actuacions\/diagnosi-de-la-situacio-ramadera-al-montsec\/#primaryimage\",\"url\":\"https:\/\/prepast.org\/wp-content\/uploads\/2025\/10\/infraestrucutres-1024x632.png\",\"contentUrl\":\"https:\/\/prepast.org\/wp-content\/uploads\/2025\/10\/infraestrucutres-1024x632.png\"},{\"@type\":\"BreadcrumbList\",\"@id\":\"https:\/\/prepast.org\/actuacions\/diagnosi-de-la-situacio-ramadera-al-montsec\/#breadcrumb\",\"itemListElement\":[{\"@type\":\"ListItem\",\"position\":1,\"name\":\"Inici\",\"item\":\"https:\/\/prepast.org\/\"},{\"@type\":\"ListItem\",\"position\":2,\"name\":\"Actuacions\",\"item\":\"https:\/\/prepast.org\/actuacions\/\"},{\"@type\":\"ListItem\",\"position\":3,\"name\":\"Diagnosi de la situaci\u00f3 ramadera al Montsec\"}]},{\"@type\":\"WebSite\",\"@id\":\"https:\/\/prepast.org\/#website\",\"url\":\"https:\/\/prepast.org\/\",\"name\":\"PREPAST\",\"description\":\"Pastures del Prepirineu\",\"publisher\":{\"@id\":\"https:\/\/prepast.org\/#organization\"},\"potentialAction\":[{\"@type\":\"SearchAction\",\"target\":{\"@type\":\"EntryPoint\",\"urlTemplate\":\"https:\/\/prepast.org\/?s={search_term_string}\"},\"query-input\":\"required name=search_term_string\"}],\"inLanguage\":\"es\"},{\"@type\":\"Organization\",\"@id\":\"https:\/\/prepast.org\/#organization\",\"name\":\"PREPAST\",\"url\":\"https:\/\/prepast.org\/\",\"logo\":{\"@type\":\"ImageObject\",\"inLanguage\":\"es\",\"@id\":\"https:\/\/prepast.org\/#\/schema\/logo\/image\/\",\"url\":\"https:\/\/prepast.org\/wp-content\/uploads\/2024\/03\/LOGO-PREPAST.png\",\"contentUrl\":\"https:\/\/prepast.org\/wp-content\/uploads\/2024\/03\/LOGO-PREPAST.png\",\"width\":1095,\"height\":1095,\"caption\":\"PREPAST\"},\"image\":{\"@id\":\"https:\/\/prepast.org\/#\/schema\/logo\/image\/\"},\"sameAs\":[\"https:\/\/x.com\/projecteprepast\",\"https:\/\/www.instagram.com\/projecteprepast\/\"]}]}<\/script>\n<!-- \/ Yoast SEO plugin. -->","yoast_head_json":{"title":"Diagnosi de la situaci\u00f3 ramadera al Montsec - PREPAST","robots":{"index":"index","follow":"follow","max-snippet":"max-snippet:-1","max-image-preview":"max-image-preview:large","max-video-preview":"max-video-preview:-1"},"canonical":"https:\/\/prepast.org\/es\/actuacions\/diagnosi-de-la-situacio-ramadera-al-montsec\/","og_locale":"es_ES","og_type":"article","og_title":"Diagnosi de la situaci\u00f3 ramadera al Montsec - PREPAST","og_description":"S&#8217;ha portat a terme una recopilaci\u00f3 i an\u00e0lisi d\u2019informaci\u00f3 hist\u00f2rica i actual sobre la ramaderia extensiva a les serres del Montsec i Boumort. S\u2019han realitzat entrevistes a ajuntaments, professionals de la ramaderia i altres actors locals per identificar les zones antigues de pastura, el tipus de bestiar, les pr\u00e0ctiques desaparegudes i les infraestructures tradicionals associades. [&hellip;]","og_url":"https:\/\/prepast.org\/es\/actuacions\/diagnosi-de-la-situacio-ramadera-al-montsec\/","og_site_name":"PREPAST","article_modified_time":"2026-01-13T11:25:28+00:00","og_image":[{"url":"https:\/\/prepast.org\/wp-content\/uploads\/2025\/10\/infraestrucutres-1024x632.png"}],"twitter_card":"summary_large_image","twitter_site":"@projecteprepast","twitter_misc":{"Tiempo de lectura":"3 minutos"},"schema":{"@context":"https:\/\/schema.org","@graph":[{"@type":"WebPage","@id":"https:\/\/prepast.org\/actuacions\/diagnosi-de-la-situacio-ramadera-al-montsec\/","url":"https:\/\/prepast.org\/actuacions\/diagnosi-de-la-situacio-ramadera-al-montsec\/","name":"Diagnosi de la situaci\u00f3 ramadera al Montsec - PREPAST","isPartOf":{"@id":"https:\/\/prepast.org\/#website"},"primaryImageOfPage":{"@id":"https:\/\/prepast.org\/actuacions\/diagnosi-de-la-situacio-ramadera-al-montsec\/#primaryimage"},"image":{"@id":"https:\/\/prepast.org\/actuacions\/diagnosi-de-la-situacio-ramadera-al-montsec\/#primaryimage"},"thumbnailUrl":"https:\/\/prepast.org\/wp-content\/uploads\/2025\/10\/infraestrucutres-1024x632.png","datePublished":"2024-05-03T09:35:18+00:00","dateModified":"2026-01-13T11:25:28+00:00","breadcrumb":{"@id":"https:\/\/prepast.org\/actuacions\/diagnosi-de-la-situacio-ramadera-al-montsec\/#breadcrumb"},"inLanguage":"es","potentialAction":[{"@type":"ReadAction","target":["https:\/\/prepast.org\/actuacions\/diagnosi-de-la-situacio-ramadera-al-montsec\/"]}]},{"@type":"ImageObject","inLanguage":"es","@id":"https:\/\/prepast.org\/actuacions\/diagnosi-de-la-situacio-ramadera-al-montsec\/#primaryimage","url":"https:\/\/prepast.org\/wp-content\/uploads\/2025\/10\/infraestrucutres-1024x632.png","contentUrl":"https:\/\/prepast.org\/wp-content\/uploads\/2025\/10\/infraestrucutres-1024x632.png"},{"@type":"BreadcrumbList","@id":"https:\/\/prepast.org\/actuacions\/diagnosi-de-la-situacio-ramadera-al-montsec\/#breadcrumb","itemListElement":[{"@type":"ListItem","position":1,"name":"Inici","item":"https:\/\/prepast.org\/"},{"@type":"ListItem","position":2,"name":"Actuacions","item":"https:\/\/prepast.org\/actuacions\/"},{"@type":"ListItem","position":3,"name":"Diagnosi de la situaci\u00f3 ramadera al Montsec"}]},{"@type":"WebSite","@id":"https:\/\/prepast.org\/#website","url":"https:\/\/prepast.org\/","name":"PREPAST","description":"Pastos del Prepirineo","publisher":{"@id":"https:\/\/prepast.org\/#organization"},"potentialAction":[{"@type":"SearchAction","target":{"@type":"EntryPoint","urlTemplate":"https:\/\/prepast.org\/?s={search_term_string}"},"query-input":"required name=search_term_string"}],"inLanguage":"es"},{"@type":"Organization","@id":"https:\/\/prepast.org\/#organization","name":"PREPAST","url":"https:\/\/prepast.org\/","logo":{"@type":"ImageObject","inLanguage":"es","@id":"https:\/\/prepast.org\/#\/schema\/logo\/image\/","url":"https:\/\/prepast.org\/wp-content\/uploads\/2024\/03\/LOGO-PREPAST.png","contentUrl":"https:\/\/prepast.org\/wp-content\/uploads\/2024\/03\/LOGO-PREPAST.png","width":1095,"height":1095,"caption":"PREPAST"},"image":{"@id":"https:\/\/prepast.org\/#\/schema\/logo\/image\/"},"sameAs":["https:\/\/x.com\/projecteprepast","https:\/\/www.instagram.com\/projecteprepast\/"]}]}},"uagb_featured_image_src":{"full":false,"thumbnail":false,"medium":false,"medium_large":false,"large":false,"1536x1536":false,"2048x2048":false,"trp-custom-language-flag":false},"uagb_author_info":{"display_name":"NznR1yyA2iIR","author_link":"https:\/\/prepast.org\/es\/author\/nznr1yya2iir\/"},"uagb_comment_info":0,"uagb_excerpt":"S&#8217;ha portat a terme una recopilaci\u00f3 i an\u00e0lisi d\u2019informaci\u00f3 hist\u00f2rica i actual sobre la ramaderia extensiva a les serres del Montsec i Boumort. S\u2019han realitzat entrevistes a ajuntaments, professionals de la ramaderia i altres actors locals per identificar les zones antigues de pastura, el tipus de bestiar, les pr\u00e0ctiques desaparegudes i les infraestructures tradicionals associades.&hellip;","_links":{"self":[{"href":"https:\/\/prepast.org\/es\/wp-json\/wp\/v2\/pages\/1871","targetHints":{"allow":["GET"]}}],"collection":[{"href":"https:\/\/prepast.org\/es\/wp-json\/wp\/v2\/pages"}],"about":[{"href":"https:\/\/prepast.org\/es\/wp-json\/wp\/v2\/types\/page"}],"author":[{"embeddable":true,"href":"https:\/\/prepast.org\/es\/wp-json\/wp\/v2\/users\/8"}],"replies":[{"embeddable":true,"href":"https:\/\/prepast.org\/es\/wp-json\/wp\/v2\/comments?post=1871"}],"version-history":[{"count":53,"href":"https:\/\/prepast.org\/es\/wp-json\/wp\/v2\/pages\/1871\/revisions"}],"predecessor-version":[{"id":3425,"href":"https:\/\/prepast.org\/es\/wp-json\/wp\/v2\/pages\/1871\/revisions\/3425"}],"up":[{"embeddable":true,"href":"https:\/\/prepast.org\/es\/wp-json\/wp\/v2\/pages\/41"}],"wp:attachment":[{"href":"https:\/\/prepast.org\/es\/wp-json\/wp\/v2\/media?parent=1871"}],"curies":[{"name":"wp","href":"https:\/\/api.w.org\/{rel}","templated":true}]}}