{"id":2030,"date":"2024-05-09T09:49:59","date_gmt":"2024-05-09T08:49:59","guid":{"rendered":"https:\/\/prepast.org\/?page_id=2030"},"modified":"2024-05-09T09:49:59","modified_gmt":"2024-05-09T08:49:59","slug":"legal","status":"publish","type":"page","link":"https:\/\/prepast.org\/es\/legal\/","title":{"rendered":"Aviso legal"},"content":{"rendered":"<div class=\"wp-block-uagb-container uagb-block-bafed66b alignfull uagb-is-root-container\"><div class=\"uagb-container-inner-blocks-wrap\">\n<div class=\"wp-block-uagb-advanced-heading uagb-block-13e44219\"><h1 class=\"uagb-heading-text\">Aviso legal<\/h1><\/div>\n<\/div><\/div>\n\n\n\n<div class=\"wp-block-uagb-container uagb-block-6c6f04fa alignfull uagb-is-root-container\"><div class=\"uagb-container-inner-blocks-wrap\">\n<p>Este aviso legal contiene las condiciones que regulan el uso y acceso al sitio web Lasabina.com y las responsabilidades derivadas de su utilizaci\u00f3n.<\/p>\n\n\n\n<p>Se entender\u00e1 que el acceso o la mera utilizaci\u00f3n del sitio web por parte del usuario implica la adhesi\u00f3n del mismo a todas las condiciones que La Sabina tenga publicadas en ese momento en la web.<\/p>\n\n\n\n<p>En cumplimiento de la Ley 34\/2002 de Servicios de la Sociedad de la Informaci\u00f3n y de Comercio Electr\u00f3nico de Espa\u00f1a, le informamos que esta web es propiedad de la Asociaci\u00f3n La Sabina con domicilio en 25737 Montson\u00eds, calle Mig, 10, con C.I.F. n\u00ba G-25686916, inscrita en el Registro Nacional de Asociaciones como asociaci\u00f3n sin \u00e1nimo de lucro con el n\u00famero de identificaci\u00f3n 623145.<\/p>\n\n\n\n<p>Puede comunicarse con nosotros por correo electr\u00f3nico a: info@lasabina.cat.<\/p>\n\n\n\n<p>\u00daltima actualizaci\u00f3n 9\/5\/2022<\/p>\n\n\n\n<p><strong>Propiedad intelectual<\/strong><\/p>\n\n\n\n<p>Todos los contenidos, textos, im\u00e1genes y c\u00f3digos fuente son propiedad de la asociaci\u00f3n La Sabina o de terceros a los que se les ha adquirido sus derechos de explotaci\u00f3n y est\u00e1n protegidos por los derechos de propiedad intelectual e industrial.<\/p>\n\n\n\n<p>El usuario s\u00f3lo tiene derecho a un uso privado de \u00e9stos, sin \u00e1nimo de lucro, y necesita autorizaci\u00f3n expresa de La Sabina y\/o el\/la titular de los derechos para modificarlos, reproducirlos, explotarlos, distribuirlos o cualquier derecho perteneciente a su titular.<\/p>\n\n\n\n<p><strong>Protecci\u00f3n de datos personales<\/strong><\/p>\n\n\n\n<p>El env\u00edo de datos personales implica la aceptaci\u00f3n expresa por parte del usuario de nuestra pol\u00edtica de privacidad, publicada en la p\u00e1gina:&nbsp;<a href=\"https:\/\/lasabina.cat\/politica-de-privadesa\/\">Pol\u00edtica de Privacitat<\/a><\/p>\n\n\n\n<p><strong>Responsabilidades<\/strong><\/p>\n\n\n\n<p>Al poner a disposici\u00f3n del usuario este sitio web queremos ofrecerle toda una serie de contenidos de calidad, utilizando los medios tecnol\u00f3gicos con la m\u00e1xima diligencia. Sin embargo, no seremos responsables de la presencia de virus o de otros elementos que de alg\u00fan modo puedan da\u00f1ar el sistema inform\u00e1tico del usuario.<\/p>\n\n\n\n<p>El usuario tiene prohibido cualquier tipo de acci\u00f3n sobre nuestro portal que origine una excesiva sobrecarga de funcionamiento en nuestros sistemas inform\u00e1ticos, as\u00ed como la introducci\u00f3n de virus, o la instalaci\u00f3n de robots, o software que altere el normal funcionamiento de la nuestra web, o pueda da\u00f1ar nuestros sistemas inform\u00e1ticos.<\/p>\n\n\n\n<p>El usuario es plenamente consciente de que la mera navegaci\u00f3n por esta web, as\u00ed como la utilizaci\u00f3n de sus servicios, implica la aceptaci\u00f3n de estas condiciones.<\/p>\n\n\n\n<p><strong>Enlaces<\/strong><\/p>\n\n\n\n<p>Le informamos que este sitio web puede facilitar el acceso a otras p\u00e1ginas web mediante enlaces. El objetivo de estos enlaces es \u00fanicamente facilitarle la b\u00fasqueda de los recursos que le puedan interesar a trav\u00e9s de Internet. Sin embargo, estas p\u00e1ginas no pertenecen a La Sabina y, aunque revisamos su contenido l\u00edcito el d\u00eda de la publicaci\u00f3n del enlace en la web, la Asociaci\u00f3n no se hace responsable del contenido de los mismos ni del funcionamiento de la p\u00e1gina enlazada o de los posibles da\u00f1os que puedan derivarse del acceso o uso de la misma.<\/p>\n\n\n\n<p>El usuario que utilice estos enlaces deber\u00e1 consultar las condiciones legales expuestas en las p\u00e1ginas de destino.<\/p>\n\n\n\n<p>Este sitio web autoriza el establecimiento de enlaces entre otras webs y la suya, siempre que se cumplan las siguientes condiciones:<\/p>\n\n\n\n<p>No est\u00e1 permitido el v\u00ednculo a partir de un sitio web que incluye contenidos il\u00edcitos, inmorales o en violaci\u00f3n del orden p\u00fablico.<\/p>\n\n\n\n<p>Puede crear v\u00ednculos a este sitio web desde otros para uso personal y no comercial, y a condici\u00f3n de que se mantenga el aviso de copyright o propiedad del contenido enlazado. Por eso deber\u00e1 citar la URL de este sitio web o el nombre del autor.<\/p>\n\n\n\n<p>No se permite la modificaci\u00f3n del contenido de este Sitio Web en modo alguno, ni la reproducci\u00f3n, presentaci\u00f3n o distribuci\u00f3n o cualquier otra utilizaci\u00f3n de la misma con fines comerciales.<\/p>\n\n\n\n<p>No se permite el uso del perfil este sitio web para fines ilegales o no autorizados, con o sin finalidad econ\u00f3mica.<\/p>\n\n\n\n<p><strong>Normas de uso en redes sociales<\/strong><\/p>\n\n\n\n<p>No se permite el uso del perfil este sitio web en Twitter, Facebook, Google Plus, Linkedin, Instagram, Pinterest y otras plataformas de red social con fines ilegales o no autorizados, con o sin finalidad econ\u00f3mica. Se permiten citas o reproducci\u00f3n de peque\u00f1os fragmentos siempre que se indique la fuente y el nombre del titular.<\/p>\n\n\n\n<p><strong>Queda prohibido:<\/strong><\/p>\n\n\n\n<p>Alojar, almacenar, divulgar, publicar, distribuir o compartir cualquier contenido que pueda ser considerado como una vulneraci\u00f3n en cualquier forma de los derechos fundamentales al honor, imagen e intimidad personal y familiar de terceros, protecci\u00f3n de datos y, muy especialmente, de los menores de edad.<\/p>\n\n\n\n<p>Alojar, almacenar, divulgar, publicar, distribuir o compartir cualquier contenido que vulnere el secreto en las comunicaciones, la infracci\u00f3n de derechos de propiedad industrial e intelectual o de las normas reguladoras de la protecci\u00f3n de datos de car\u00e1cter personal.<\/p>\n\n\n\n<p>Alojar, almacenar, divulgar, publicar, distribuir o compartir cualquier material o informaci\u00f3n que sea ilegal, racista, obscena, pornogr\u00e1fica, abusiva, difamatoria, enga\u00f1osa, fraudulenta o de cualquier forma contraria a la moral o al orden p\u00fablico.<\/p>\n\n\n\n<p>Utiliza el servicio para denostar, difamar, intimidar, violar la propia imagen o acosar a otros usuarios y\/o terceros.<\/p>\n\n\n\n<p>Introducir virus inform\u00e1ticos, archivos defectuosos, o alojar, almacenar, distribuir o compartir cualquier otro material o programa inform\u00e1tico que pueda provocar da\u00f1os o alteraciones en los contenidos, programas o sistemas de este sitio web.<\/p>\n\n\n\n<p>Utilizar este sitio web en las distintas redes sociales para el env\u00edo de publicidad o comunicaciones comerciales, para la emisi\u00f3n de mensajes con finalidad publicitaria o para la captaci\u00f3n de datos con la misma finalidad.<\/p>\n\n\n\n<p>Utilizar este sitio web en las diferentes redes sociales para remitir correos electr\u00f3nicos con car\u00e1cter masivo y\/o repetitivo no solicitados a una pluralidad de personas, ni mandar direcciones de correo electr\u00f3nico de terceros sin su consentimiento.<\/p>\n\n\n\n<p>Suplantar la personalidad de un tercero con cualquier fin.<\/p>\n\n\n\n<p><strong>Modificaciones y actualizaciones<\/strong><\/p>\n\n\n\n<p>La Asociaci\u00f3n La Sabina se reserva el derecho de efectuar sin previo aviso las modificaciones que considere oportunas, pudiendo cambiar, suprimir o a\u00f1adir tanto los contenidos y servicios que se presten como la forma en que \u00e9stos aparezcan presentados o localizados en este sitio web.<\/p>\n\n\n\n<p><strong>Legislaci\u00f3n aplicable y competencia jurisdiccional<\/strong><\/p>\n\n\n\n<p>Todo lo referente a nuestra web se rige exclusivamente por las leyes espa\u00f1olas. En caso de que se produzca cualquier tipo de discrepancia o diferencia entre las partes en cuanto a la interpretaci\u00f3n y contenido de esta web, todas las partes se someten, con renuncia expresa a cualquier otro fuero, a los Juzgados y Tribunales de Lleida.<\/p>\n\n\n\n<p><strong>Periodo de validez<\/strong><\/p>\n\n\n\n<p>El per\u00edodo de validez de las presentes condiciones ser\u00e1 el tiempo que permanezcan publicadas en la p\u00e1gina web.<\/p>\n<\/div><\/div>","protected":false},"excerpt":{"rendered":"<p>Av\u00eds legal Aquest av\u00eds legal cont\u00e9 les condicions que regulen l\u2019\u00fas i acc\u00e9s al lloc web&nbsp;lasabina.cat&nbsp;i les responsabilitats derivades de la seva utilitzaci\u00f3. S\u2019entendr\u00e0 que l\u2019acc\u00e9s o la mera utilitzaci\u00f3 del lloc web per part de l\u2019usuari implica l\u2019adhesi\u00f3 d\u2019aquest a totes les condicions que La Sabina tingui publicades en aquell moment a la web. [&hellip;]<\/p>","protected":false},"author":8,"featured_media":0,"parent":0,"menu_order":0,"comment_status":"closed","ping_status":"closed","template":"","meta":{"_uag_custom_page_level_css":"","site-sidebar-layout":"default","site-content-layout":"","ast-site-content-layout":"default","site-content-style":"default","site-sidebar-style":"default","ast-global-header-display":"","ast-banner-title-visibility":"","ast-main-header-display":"","ast-hfb-above-header-display":"","ast-hfb-below-header-display":"","ast-hfb-mobile-header-display":"","site-post-title":"disabled","ast-breadcrumbs-content":"","ast-featured-img":"","footer-sml-layout":"","ast-disable-related-posts":"","theme-transparent-header-meta":"","adv-header-id-meta":"","stick-header-meta":"","header-above-stick-meta":"","header-main-stick-meta":"","header-below-stick-meta":"","astra-migrate-meta-layouts":"set","ast-page-background-enabled":"default","ast-page-background-meta":{"desktop":{"background-color":"var(--ast-global-color-4)","background-image":"","background-repeat":"repeat","background-position":"center center","background-size":"auto","background-attachment":"scroll","background-type":"","background-media":"","overlay-type":"","overlay-color":"","overlay-opacity":"","overlay-gradient":""},"tablet":{"background-color":"","background-image":"","background-repeat":"repeat","background-position":"center center","background-size":"auto","background-attachment":"scroll","background-type":"","background-media":"","overlay-type":"","overlay-color":"","overlay-opacity":"","overlay-gradient":""},"mobile":{"background-color":"","background-image":"","background-repeat":"repeat","background-position":"center center","background-size":"auto","background-attachment":"scroll","background-type":"","background-media":"","overlay-type":"","overlay-color":"","overlay-opacity":"","overlay-gradient":""}},"ast-content-background-meta":{"desktop":{"background-color":"var(--ast-global-color-5)","background-image":"","background-repeat":"repeat","background-position":"center center","background-size":"auto","background-attachment":"scroll","background-type":"","background-media":"","overlay-type":"","overlay-color":"","overlay-opacity":"","overlay-gradient":""},"tablet":{"background-color":"var(--ast-global-color-5)","background-image":"","background-repeat":"repeat","background-position":"center center","background-size":"auto","background-attachment":"scroll","background-type":"","background-media":"","overlay-type":"","overlay-color":"","overlay-opacity":"","overlay-gradient":""},"mobile":{"background-color":"var(--ast-global-color-5)","background-image":"","background-repeat":"repeat","background-position":"center center","background-size":"auto","background-attachment":"scroll","background-type":"","background-media":"","overlay-type":"","overlay-color":"","overlay-opacity":"","overlay-gradient":""}},"footnotes":""},"class_list":["post-2030","page","type-page","status-publish","hentry"],"yoast_head":"<!-- This site is optimized with the Yoast SEO plugin v22.6 - https:\/\/yoast.com\/wordpress\/plugins\/seo\/ -->\n<title>Av\u00eds legal - PREPAST<\/title>\n<meta name=\"robots\" content=\"index, nofollow, max-snippet:-1, max-image-preview:large, max-video-preview:-1\" \/>\n<link rel=\"canonical\" href=\"https:\/\/prepast.org\/es\/legal\/\" \/>\n<meta property=\"og:locale\" content=\"es_ES\" \/>\n<meta property=\"og:type\" content=\"article\" \/>\n<meta property=\"og:title\" content=\"Av\u00eds legal - PREPAST\" \/>\n<meta property=\"og:description\" content=\"Av\u00eds legal Aquest av\u00eds legal cont\u00e9 les condicions que regulen l\u2019\u00fas i acc\u00e9s al lloc web&nbsp;lasabina.cat&nbsp;i les responsabilitats derivades de la seva utilitzaci\u00f3. S\u2019entendr\u00e0 que l\u2019acc\u00e9s o la mera utilitzaci\u00f3 del lloc web per part de l\u2019usuari implica l\u2019adhesi\u00f3 d\u2019aquest a totes les condicions que La Sabina tingui publicades en aquell moment a la web. [&hellip;]\" \/>\n<meta property=\"og:url\" content=\"https:\/\/prepast.org\/es\/legal\/\" \/>\n<meta property=\"og:site_name\" content=\"PREPAST\" \/>\n<meta property=\"og:image\" content=\"https:\/\/prepast.org\/wp-content\/uploads\/2024\/04\/portada.jpg\" \/>\n\t<meta property=\"og:image:width\" content=\"2106\" \/>\n\t<meta property=\"og:image:height\" content=\"1411\" \/>\n\t<meta property=\"og:image:type\" content=\"image\/jpeg\" \/>\n<meta name=\"twitter:card\" content=\"summary_large_image\" \/>\n<meta name=\"twitter:site\" content=\"@projecteprepast\" \/>\n<meta name=\"twitter:label1\" content=\"Tiempo de lectura\" \/>\n\t<meta name=\"twitter:data1\" content=\"6 minutos\" \/>\n<script type=\"application\/ld+json\" class=\"yoast-schema-graph\">{\"@context\":\"https:\/\/schema.org\",\"@graph\":[{\"@type\":\"WebPage\",\"@id\":\"https:\/\/prepast.org\/legal\/\",\"url\":\"https:\/\/prepast.org\/legal\/\",\"name\":\"Av\u00eds legal - PREPAST\",\"isPartOf\":{\"@id\":\"https:\/\/prepast.org\/#website\"},\"datePublished\":\"2024-05-09T08:49:59+00:00\",\"dateModified\":\"2024-05-09T08:49:59+00:00\",\"breadcrumb\":{\"@id\":\"https:\/\/prepast.org\/legal\/#breadcrumb\"},\"inLanguage\":\"es\",\"potentialAction\":[{\"@type\":\"ReadAction\",\"target\":[\"https:\/\/prepast.org\/legal\/\"]}]},{\"@type\":\"BreadcrumbList\",\"@id\":\"https:\/\/prepast.org\/legal\/#breadcrumb\",\"itemListElement\":[{\"@type\":\"ListItem\",\"position\":1,\"name\":\"Inici\",\"item\":\"https:\/\/prepast.org\/\"},{\"@type\":\"ListItem\",\"position\":2,\"name\":\"Av\u00eds legal\"}]},{\"@type\":\"WebSite\",\"@id\":\"https:\/\/prepast.org\/#website\",\"url\":\"https:\/\/prepast.org\/\",\"name\":\"PREPAST\",\"description\":\"Pastures del Prepirineu\",\"publisher\":{\"@id\":\"https:\/\/prepast.org\/#organization\"},\"potentialAction\":[{\"@type\":\"SearchAction\",\"target\":{\"@type\":\"EntryPoint\",\"urlTemplate\":\"https:\/\/prepast.org\/?s={search_term_string}\"},\"query-input\":\"required name=search_term_string\"}],\"inLanguage\":\"es\"},{\"@type\":\"Organization\",\"@id\":\"https:\/\/prepast.org\/#organization\",\"name\":\"PREPAST\",\"url\":\"https:\/\/prepast.org\/\",\"logo\":{\"@type\":\"ImageObject\",\"inLanguage\":\"es\",\"@id\":\"https:\/\/prepast.org\/#\/schema\/logo\/image\/\",\"url\":\"https:\/\/prepast.org\/wp-content\/uploads\/2024\/03\/LOGO-PREPAST.png\",\"contentUrl\":\"https:\/\/prepast.org\/wp-content\/uploads\/2024\/03\/LOGO-PREPAST.png\",\"width\":1095,\"height\":1095,\"caption\":\"PREPAST\"},\"image\":{\"@id\":\"https:\/\/prepast.org\/#\/schema\/logo\/image\/\"},\"sameAs\":[\"https:\/\/x.com\/projecteprepast\",\"https:\/\/www.instagram.com\/projecteprepast\/\"]}]}<\/script>\n<!-- \/ Yoast SEO plugin. -->","yoast_head_json":{"title":"Av\u00eds legal - PREPAST","robots":{"index":"index","follow":"nofollow","max-snippet":"max-snippet:-1","max-image-preview":"max-image-preview:large","max-video-preview":"max-video-preview:-1"},"canonical":"https:\/\/prepast.org\/es\/legal\/","og_locale":"es_ES","og_type":"article","og_title":"Av\u00eds legal - PREPAST","og_description":"Av\u00eds legal Aquest av\u00eds legal cont\u00e9 les condicions que regulen l\u2019\u00fas i acc\u00e9s al lloc web&nbsp;lasabina.cat&nbsp;i les responsabilitats derivades de la seva utilitzaci\u00f3. S\u2019entendr\u00e0 que l\u2019acc\u00e9s o la mera utilitzaci\u00f3 del lloc web per part de l\u2019usuari implica l\u2019adhesi\u00f3 d\u2019aquest a totes les condicions que La Sabina tingui publicades en aquell moment a la web. [&hellip;]","og_url":"https:\/\/prepast.org\/es\/legal\/","og_site_name":"PREPAST","og_image":[{"width":2106,"height":1411,"url":"https:\/\/prepast.org\/wp-content\/uploads\/2024\/04\/portada.jpg","type":"image\/jpeg"}],"twitter_card":"summary_large_image","twitter_site":"@projecteprepast","twitter_misc":{"Tiempo de lectura":"6 minutos"},"schema":{"@context":"https:\/\/schema.org","@graph":[{"@type":"WebPage","@id":"https:\/\/prepast.org\/legal\/","url":"https:\/\/prepast.org\/legal\/","name":"Av\u00eds legal - PREPAST","isPartOf":{"@id":"https:\/\/prepast.org\/#website"},"datePublished":"2024-05-09T08:49:59+00:00","dateModified":"2024-05-09T08:49:59+00:00","breadcrumb":{"@id":"https:\/\/prepast.org\/legal\/#breadcrumb"},"inLanguage":"es","potentialAction":[{"@type":"ReadAction","target":["https:\/\/prepast.org\/legal\/"]}]},{"@type":"BreadcrumbList","@id":"https:\/\/prepast.org\/legal\/#breadcrumb","itemListElement":[{"@type":"ListItem","position":1,"name":"Inici","item":"https:\/\/prepast.org\/"},{"@type":"ListItem","position":2,"name":"Av\u00eds legal"}]},{"@type":"WebSite","@id":"https:\/\/prepast.org\/#website","url":"https:\/\/prepast.org\/","name":"PREPAST","description":"Pastos del Prepirineo","publisher":{"@id":"https:\/\/prepast.org\/#organization"},"potentialAction":[{"@type":"SearchAction","target":{"@type":"EntryPoint","urlTemplate":"https:\/\/prepast.org\/?s={search_term_string}"},"query-input":"required name=search_term_string"}],"inLanguage":"es"},{"@type":"Organization","@id":"https:\/\/prepast.org\/#organization","name":"PREPAST","url":"https:\/\/prepast.org\/","logo":{"@type":"ImageObject","inLanguage":"es","@id":"https:\/\/prepast.org\/#\/schema\/logo\/image\/","url":"https:\/\/prepast.org\/wp-content\/uploads\/2024\/03\/LOGO-PREPAST.png","contentUrl":"https:\/\/prepast.org\/wp-content\/uploads\/2024\/03\/LOGO-PREPAST.png","width":1095,"height":1095,"caption":"PREPAST"},"image":{"@id":"https:\/\/prepast.org\/#\/schema\/logo\/image\/"},"sameAs":["https:\/\/x.com\/projecteprepast","https:\/\/www.instagram.com\/projecteprepast\/"]}]}},"uagb_featured_image_src":{"full":false,"thumbnail":false,"medium":false,"medium_large":false,"large":false,"1536x1536":false,"2048x2048":false,"trp-custom-language-flag":false},"uagb_author_info":{"display_name":"NznR1yyA2iIR","author_link":"https:\/\/prepast.org\/es\/author\/nznr1yya2iir\/"},"uagb_comment_info":0,"uagb_excerpt":"Av\u00eds legal Aquest av\u00eds legal cont\u00e9 les condicions que regulen l\u2019\u00fas i acc\u00e9s al lloc web&nbsp;lasabina.cat&nbsp;i les responsabilitats derivades de la seva utilitzaci\u00f3. S\u2019entendr\u00e0 que l\u2019acc\u00e9s o la mera utilitzaci\u00f3 del lloc web per part de l\u2019usuari implica l\u2019adhesi\u00f3 d\u2019aquest a totes les condicions que La Sabina tingui publicades en aquell moment a la web.&hellip;","_links":{"self":[{"href":"https:\/\/prepast.org\/es\/wp-json\/wp\/v2\/pages\/2030","targetHints":{"allow":["GET"]}}],"collection":[{"href":"https:\/\/prepast.org\/es\/wp-json\/wp\/v2\/pages"}],"about":[{"href":"https:\/\/prepast.org\/es\/wp-json\/wp\/v2\/types\/page"}],"author":[{"embeddable":true,"href":"https:\/\/prepast.org\/es\/wp-json\/wp\/v2\/users\/8"}],"replies":[{"embeddable":true,"href":"https:\/\/prepast.org\/es\/wp-json\/wp\/v2\/comments?post=2030"}],"version-history":[{"count":1,"href":"https:\/\/prepast.org\/es\/wp-json\/wp\/v2\/pages\/2030\/revisions"}],"predecessor-version":[{"id":2032,"href":"https:\/\/prepast.org\/es\/wp-json\/wp\/v2\/pages\/2030\/revisions\/2032"}],"wp:attachment":[{"href":"https:\/\/prepast.org\/es\/wp-json\/wp\/v2\/media?parent=2030"}],"curies":[{"name":"wp","href":"https:\/\/api.w.org\/{rel}","templated":true}]}}